{"id":431707,"date":"2023-06-20T10:45:38","date_gmt":"2023-06-20T08:45:38","guid":{"rendered":"https:\/\/campinglespresduverdon.com\/kontakt-acces\/"},"modified":"2025-02-18T11:16:36","modified_gmt":"2025-02-18T10:16:36","slug":"kontakt-anfahrt","status":"publish","type":"page","link":"https:\/\/campinglespresduverdon.com\/de\/kontakt-anfahrt\/","title":{"rendered":"Infos &amp; Kontakte"},"content":{"rendered":"\n<div class=\"wp-block-group is-layout-constrained wp-container-core-group-is-layout-bbbb44a5 wp-block-group-is-layout-constrained\" style=\"padding-top:var(--wp--preset--spacing--60);padding-right:var(--wp--preset--spacing--60);padding-bottom:var(--wp--preset--spacing--60);padding-left:var(--wp--preset--spacing--60)\">\n<h1 class=\"wp-block-heading has-text-align-center has-link-color-color has-text-color\" style=\"margin-top:var(--wp--preset--spacing--60);margin-right:var(--wp--preset--spacing--60);margin-bottom:var(--wp--preset--spacing--60);margin-left:var(--wp--preset--spacing--60);padding-top:var(--wp--preset--spacing--60);padding-right:var(--wp--preset--spacing--60);padding-bottom:var(--wp--preset--spacing--60);padding-left:var(--wp--preset--spacing--60)\">Kontakt und Wegbeschreibung<\/h1>\n\n\n\n<div class=\"wp-block-columns is-layout-flex wp-container-core-columns-is-layout-28f84493 wp-block-columns-is-layout-flex\">\n<div class=\"wp-block-column is-vertically-aligned-top is-layout-flow wp-block-column-is-layout-flow\">\n<h2 class=\"wp-block-heading\">Kontaktieren Sie uns <\/h2>\n\n\n\n<p>Haben Sie Fragen, Anregungen oder m\u00f6chten Sie einfach nur Ihre Eindr\u00fccke von Ihrem Aufenthalt mitteilen? Wir sind hier, um Ihnen zuzuh\u00f6ren!<\/p>\n\n\n\n<p>Um uns zu erreichen, k\u00f6nnen Sie unser <strong>Kontaktformular<\/strong> ausf\u00fcllen. Wenn Sie einen direkten Kontakt bevorzugen, <strong>rufen Sie uns bitte unter der Nummer 04 12 29 02 27 an<\/strong>. Sie k\u00f6nnen uns auch eine <strong>E-Mail an <\/strong> <a href=\"mailto:campinglespresduverdon@alphacamping.fr\" target=\"_blank\" rel=\"noreferrer noopener\">campinglespresduverdon@alphacamping.fr<\/a> schicken. Unser Team wird Ihnen gerne behilflich sein und Sie anleiten.<\/p>\n<\/div>\n\n\n\n<div class=\"wp-block-column is-layout-flow wp-block-column-is-layout-flow\">\n<div class=\"wp-block-contact-form-7-contact-form-selector formulaire-contact\">\n<div class=\"wpcf7 no-js\" id=\"wpcf7-f434323-o1\" lang=\"de-DE\" dir=\"ltr\" data-wpcf7-id=\"434323\">\n<div class=\"screen-reader-response\"><p role=\"status\" aria-live=\"polite\" aria-atomic=\"true\"><\/p> <ul><\/ul><\/div>\n<form action=\"\/de\/wp-json\/wp\/v2\/pages\/431707#wpcf7-f434323-o1\" method=\"post\" class=\"wpcf7-form init\" id=\"formulaire-contact\" aria-label=\"Kontaktformular\" novalidate=\"novalidate\" data-status=\"init\">\n<div style=\"display: none;\">\n<input type=\"hidden\" name=\"_wpcf7\" value=\"434323\" \/>\n<input type=\"hidden\" name=\"_wpcf7_version\" value=\"6.0.6\" \/>\n<input type=\"hidden\" name=\"_wpcf7_locale\" value=\"de_DE\" \/>\n<input type=\"hidden\" name=\"_wpcf7_unit_tag\" value=\"wpcf7-f434323-o1\" \/>\n<input type=\"hidden\" name=\"_wpcf7_container_post\" value=\"0\" \/>\n<input type=\"hidden\" name=\"_wpcf7_posted_data_hash\" value=\"\" \/>\n<input type=\"hidden\" name=\"_wpcf7_recaptcha_response\" value=\"\" \/>\n<\/div>\n<p><label> Ihr Name<br \/>\n<span class=\"wpcf7-form-control-wrap\" data-name=\"your-name\"><input size=\"40\" maxlength=\"400\" class=\"wpcf7-form-control wpcf7-text wpcf7-validates-as-required\" autocomplete=\"name\" aria-required=\"true\" aria-invalid=\"false\" value=\"\" type=\"text\" name=\"your-name\" \/><\/span> <\/label>\n<\/p>\n<p><label> Ihre E-Mail-Adresse<br \/>\n<span class=\"wpcf7-form-control-wrap\" data-name=\"your-email\"><input size=\"40\" maxlength=\"400\" class=\"wpcf7-form-control wpcf7-email wpcf7-validates-as-required wpcf7-text wpcf7-validates-as-email\" autocomplete=\"email\" aria-required=\"true\" aria-invalid=\"false\" value=\"\" type=\"email\" name=\"your-email\" \/><\/span> <\/label>\n<\/p>\n<p><label> Betreff<br \/>\n<span class=\"wpcf7-form-control-wrap\" data-name=\"your-subject\"><input size=\"40\" maxlength=\"400\" class=\"wpcf7-form-control wpcf7-text wpcf7-validates-as-required\" aria-required=\"true\" aria-invalid=\"false\" value=\"\" type=\"text\" name=\"your-subject\" \/><\/span> <\/label>\n<\/p>\n<p><label> Ihre Nachricht<br \/>\n<span class=\"wpcf7-form-control-wrap\" data-name=\"your-message\"><textarea cols=\"40\" rows=\"10\" maxlength=\"2000\" class=\"wpcf7-form-control wpcf7-textarea wpcf7-validates-as-required\" aria-required=\"true\" aria-invalid=\"false\" name=\"your-message\"><\/textarea><\/span> <\/label>\n<\/p>\n<p><span class=\"wpcf7-form-control-wrap\" data-name=\"acceptance-553\"><span class=\"wpcf7-form-control wpcf7-acceptance\"><span class=\"wpcf7-list-item\"><label><input type=\"checkbox\" name=\"acceptance-553\" value=\"1\" aria-invalid=\"false\" \/><span class=\"wpcf7-list-item-label\">Indem ich dieses K\u00e4stchen anklicke, akzeptiere ich die <a href=\"\/de\/datenschutzerklaerung\/\" rel=\"nofollow\" target=\"_blank\">Datenschutzbestimmungen<\/a> dieser Website.<\/span><\/label><\/span><\/span><\/span>\n<\/p>\n<p><input class=\"wpcf7-form-control wpcf7-submit has-spinner\" type=\"submit\" value=\"Absenden\" \/>\n<\/p><div class=\"wpcf7-response-output\" aria-hidden=\"true\"><\/div>\n<\/form>\n<\/div>\n<\/div>\n<\/div>\n<\/div>\n\n\n\n<div class=\"wp-block-columns is-layout-flex wp-container-core-columns-is-layout-28f84493 wp-block-columns-is-layout-flex\">\n<div class=\"wp-block-column is-vertically-aligned-center is-layout-flow wp-block-column-is-layout-flow\">\n\n<\/div>\n\n\n\n<div class=\"wp-block-column is-vertically-aligned-center is-layout-flow wp-block-column-is-layout-flow\">\n<h2 class=\"wp-block-heading\">Anreise zum Campingplatz Bel Air Village<\/h2>\n\n\n\n<p>Machen Sie sich bereit f\u00fcr einen unvergesslichen Ausflug in die Natur! Der Weg zu unserem Campingplatz ist ganz einfach. Wir sind an<strong>folgender Adresse<\/strong> ans\u00e4ssig: <br\/>All\u00e9e des Pr\u00e9s du Verdon<br\/>04500 Quinson, Frankreich<\/p>\n\n\n\n<p><strong>GPS-Koordinaten <\/strong>: 43.696858773848696, 6.041450500488281.<br\/>Wir freuen uns darauf, Sie zu begr\u00fc\u00dfen und Ihnen alles zu zeigen, was <a href=\"https:\/\/campinglespresduverdon.com\/de\/\">unser Campingplatz<\/a> in Quinson und die Region zu bieten haben!<\/p>\n\n\n\n<p>Sie haben die M\u00f6glichkeit, alle Wunder zu entdecken, die unsere Region zu bieten hat.<\/p>\n<\/div>\n<\/div>\n<\/div>\n\n<div class=\"wp-block-group overflow-visible has-background is-layout-constrained wp-container-core-group-is-layout-612028c2 wp-block-group-is-layout-constrained\" style=\"border-top-color:var(--wp--preset--color--white);border-top-width:12rem;border-right-color:var(--wp--preset--color--white);border-bottom-color:var(--wp--preset--color--white);border-left-color:var(--wp--preset--color--white);background:linear-gradient(174deg,rgb(255,255,255) 29%,rgb(222,232,222) 29%);margin-top:0rem;margin-bottom:0;padding-top:var(--wp--preset--spacing--80);padding-bottom:8rem\">\n<h2 class=\"wp-block-heading has-text-align-center\">Entdecken Sie unseren Badebereich, unsere Region und unsere Dienstleistungen<\/h2>\n\n\n\n<div class=\"wp-block-group animated fadeInUp delay-100ms slow is-content-justification-center is-layout-constrained wp-container-core-group-is-layout-1557714b wp-block-group-is-layout-constrained\">\n<hr class=\"wp-block-separator has-text-color has-link-color-color has-alpha-channel-opacity has-link-color-background-color has-background animated fadeInUp delay-200ms\" \/>\n<\/div>\n\n\n\r\n<div \r\n     \r\n    class=\"gt-maillage-block animated fadeInUp delay-100ms slow\" \r\n    style=\"\"\r\n>\r\n\r\n    \r\n        \r\n        <article \r\n    class=\"gt-cta gt-cta--page\" \r\n    style=\"aspect-ratio:1\/1\"\r\n>\r\n    <a href=\"https:\/\/campinglespresduverdon.com\/de\/camping-piscine-quinson-gorges-du-verdon\/\" title=\"Swimmingpool auf dem 3-Sterne-Campingplatz Les Pr\u00e9s du Verdon\" class=\"gt-cta__link\">\r\n        <div class=\"gt-cta__thumb\">\r\n                            <img decoding=\"async\" width=\"2048\" height=\"1365\" src=\"https:\/\/campinglespresduverdon.com\/wp-content\/uploads\/sites\/60\/2025\/12\/LPV-PISCINE3-14.09.2024-scaled.jpg\" class=\"attachment-full size-full not-transparent wp-post-image\" alt=\"LPV SWIMMINGPOOL3 14.09.2024\" srcset=\"https:\/\/campinglespresduverdon.com\/wp-content\/uploads\/sites\/60\/2025\/12\/LPV-PISCINE3-14.09.2024-scaled.jpg 2048w, https:\/\/campinglespresduverdon.com\/wp-content\/uploads\/sites\/60\/2025\/12\/LPV-PISCINE3-14.09.2024-300x200.jpg 300w, https:\/\/campinglespresduverdon.com\/wp-content\/uploads\/sites\/60\/2025\/12\/LPV-PISCINE3-14.09.2024-1024x683.jpg 1024w, https:\/\/campinglespresduverdon.com\/wp-content\/uploads\/sites\/60\/2025\/12\/LPV-PISCINE3-14.09.2024-768x512.jpg 768w, https:\/\/campinglespresduverdon.com\/wp-content\/uploads\/sites\/60\/2025\/12\/LPV-PISCINE3-14.09.2024-1536x1024.jpg 1536w\" sizes=\"(max-width: 2048px) 100vw, 2048px\" data-has-transparency=\"false\" data-dominant-color=\"8ba0ab\" style=\"--dominant-color: #8ba0ab;\" \/>                    <\/div>\r\n        <div class=\"gt-cta__content\">\r\n            <div class=\"gt-cta__title\">\r\n                Swimmingpool auf dem 3-Sterne-Campingplatz Les Pr\u00e9s du Verdon            <\/div>\r\n        <\/div>\r\n    <\/a>\r\n<\/article>\r\n    \r\n        <article \r\n    class=\"gt-cta gt-cta--page\" \r\n    style=\"aspect-ratio:1\/1\"\r\n>\r\n    <a href=\"https:\/\/campinglespresduverdon.com\/de\/tourismus-gorges-du-verdon\/\" title=\"Tourismus\" class=\"gt-cta__link\">\r\n        <div class=\"gt-cta__thumb\">\r\n                            <img decoding=\"async\" width=\"720\" height=\"480\" src=\"https:\/\/campinglespresduverdon.com\/wp-content\/uploads\/sites\/60\/2024\/01\/l1050088.jpg\" class=\"attachment-full size-full wp-post-image\" alt=\"Tourismus Alpes-de-Haute-Provence\" srcset=\"https:\/\/campinglespresduverdon.com\/wp-content\/uploads\/sites\/60\/2024\/01\/l1050088.jpg 720w, https:\/\/campinglespresduverdon.com\/wp-content\/uploads\/sites\/60\/2024\/01\/l1050088-300x200.jpg 300w\" sizes=\"(max-width: 720px) 100vw, 720px\" \/>                    <\/div>\r\n        <div class=\"gt-cta__content\">\r\n            <div class=\"gt-cta__title\">\r\n                Tourismus            <\/div>\r\n        <\/div>\r\n    <\/a>\r\n<\/article>\r\n    \r\n        <article \r\n    class=\"gt-cta gt-cta--page\" \r\n    style=\"aspect-ratio:1\/1\"\r\n>\r\n    <a href=\"https:\/\/campinglespresduverdon.com\/de\/services-et-activites-du-camping-quinson\/\" title=\"Dienstleistungen &amp; Aktivit\u00e4ten\" class=\"gt-cta__link\">\r\n        <div class=\"gt-cta__thumb\">\r\n                            <img decoding=\"async\" width=\"2048\" height=\"1365\" src=\"https:\/\/campinglespresduverdon.com\/wp-content\/uploads\/sites\/60\/2025\/12\/LPV-INT-ACCUEIL-14.09.2024-scaled.jpg\" class=\"attachment-full size-full not-transparent wp-post-image\" alt=\"LPV INT WILLKOMMEN 14.09.2024\" srcset=\"https:\/\/campinglespresduverdon.com\/wp-content\/uploads\/sites\/60\/2025\/12\/LPV-INT-ACCUEIL-14.09.2024-scaled.jpg 2048w, https:\/\/campinglespresduverdon.com\/wp-content\/uploads\/sites\/60\/2025\/12\/LPV-INT-ACCUEIL-14.09.2024-300x200.jpg 300w, https:\/\/campinglespresduverdon.com\/wp-content\/uploads\/sites\/60\/2025\/12\/LPV-INT-ACCUEIL-14.09.2024-1024x683.jpg 1024w, https:\/\/campinglespresduverdon.com\/wp-content\/uploads\/sites\/60\/2025\/12\/LPV-INT-ACCUEIL-14.09.2024-768x512.jpg 768w, https:\/\/campinglespresduverdon.com\/wp-content\/uploads\/sites\/60\/2025\/12\/LPV-INT-ACCUEIL-14.09.2024-1536x1024.jpg 1536w\" sizes=\"(max-width: 2048px) 100vw, 2048px\" data-has-transparency=\"false\" data-dominant-color=\"b3b1af\" style=\"--dominant-color: #b3b1af;\" \/>                    <\/div>\r\n        <div class=\"gt-cta__content\">\r\n            <div class=\"gt-cta__title\">\r\n                Dienstleistungen &amp; Aktivit\u00e4ten            <\/div>\r\n        <\/div>\r\n    <\/a>\r\n<\/article>\r\n            \r\n<\/div><\/div>\n","protected":false},"excerpt":{"rendered":"<p>Kontakt und Wegbeschreibung Kontaktieren Sie uns Haben Sie Fragen, Anregungen oder m\u00f6chten Sie einfach nur Ihre Eindr\u00fccke von Ihrem Aufenthalt mitteilen? Wir sind hier, um Ihnen zuzuh\u00f6ren! Um uns zu erreichen, k\u00f6nnen Sie unser Kontaktformular ausf\u00fcllen. Wenn Sie einen direkten Kontakt bevorzugen, rufen Sie uns bitte unter der Nummer 04 12 29 02 27 an. [&hellip;]<\/p>\n","protected":false},"author":1,"featured_media":432119,"parent":0,"menu_order":25,"comment_status":"closed","ping_status":"closed","template":"","meta":{"_acf_changed":false,"footnotes":""},"class_list":["post-431707","page","type-page","status-publish","has-post-thumbnail","hentry"],"acf":[],"yoast_head":"<!-- This site is optimized with the Yoast SEO plugin v24.8.1 - https:\/\/yoast.com\/wordpress\/plugins\/seo\/ -->\n<title>Kontakt, Anfahrt Bel Air Village Les Pr\u00e9s du Verdon<\/title>\n<meta name=\"robots\" content=\"index, follow, max-snippet:-1, max-image-preview:large, max-video-preview:-1\" \/>\n<link rel=\"canonical\" href=\"https:\/\/campinglespresduverdon.com\/de\/kontakt-anfahrt\/\" \/>\n<meta property=\"og:locale\" content=\"de_DE\" \/>\n<meta property=\"og:type\" content=\"article\" \/>\n<meta property=\"og:title\" content=\"Kontakt, Anfahrt Bel Air Village Les Pr\u00e9s du Verdon\" \/>\n<meta property=\"og:description\" content=\"Kontakt und Wegbeschreibung Kontaktieren Sie uns Haben Sie Fragen, Anregungen oder m\u00f6chten Sie einfach nur Ihre Eindr\u00fccke von Ihrem Aufenthalt mitteilen? Wir sind hier, um Ihnen zuzuh\u00f6ren! Um uns zu erreichen, k\u00f6nnen Sie unser Kontaktformular ausf\u00fcllen. Wenn Sie einen direkten Kontakt bevorzugen, rufen Sie uns bitte unter der Nummer 04 12 29 02 27 an. [&hellip;]\" \/>\n<meta property=\"og:url\" content=\"https:\/\/campinglespresduverdon.com\/de\/kontakt-anfahrt\/\" \/>\n<meta property=\"og:site_name\" content=\"Camping Bel air Village Les Pr\u00e9s du Verdon - Site Officiel - Meilleur Prix Garanti\" \/>\n<meta property=\"article:modified_time\" content=\"2025-02-18T10:16:36+00:00\" \/>\n<meta property=\"og:image\" content=\"http:\/\/campinglespresduverdon.com\/wp-content\/uploads\/sites\/60\/2024\/01\/Pont-de-Quinson.jpg\" \/>\n\t<meta property=\"og:image:width\" content=\"736\" \/>\n\t<meta property=\"og:image:height\" content=\"552\" \/>\n\t<meta property=\"og:image:type\" content=\"image\/jpeg\" \/>\n<meta name=\"twitter:card\" content=\"summary_large_image\" \/>\n<meta name=\"twitter:label1\" content=\"Gesch\u00e4tzte Lesezeit\" \/>\n\t<meta name=\"twitter:data1\" content=\"1\u00a0Minute\" \/>\n<script type=\"application\/ld+json\" class=\"yoast-schema-graph\">{\"@context\":\"https:\/\/schema.org\",\"@graph\":[{\"@type\":\"WebPage\",\"@id\":\"https:\/\/campinglespresduverdon.com\/de\/kontakt-anfahrt\/\",\"url\":\"https:\/\/campinglespresduverdon.com\/de\/kontakt-anfahrt\/\",\"name\":\"Kontakt, Anfahrt Bel Air Village Les Pr\u00e9s du Verdon\",\"isPartOf\":{\"@id\":\"https:\/\/campinglespresduverdon.com\/de\/#website\"},\"primaryImageOfPage\":{\"@id\":\"https:\/\/campinglespresduverdon.com\/de\/kontakt-anfahrt\/#primaryimage\"},\"image\":{\"@id\":\"https:\/\/campinglespresduverdon.com\/de\/kontakt-anfahrt\/#primaryimage\"},\"thumbnailUrl\":\"https:\/\/campinglespresduverdon.com\/wp-content\/uploads\/sites\/60\/2024\/01\/Pont-de-Quinson.jpg\",\"datePublished\":\"2023-06-20T08:45:38+00:00\",\"dateModified\":\"2025-02-18T10:16:36+00:00\",\"breadcrumb\":{\"@id\":\"https:\/\/campinglespresduverdon.com\/de\/kontakt-anfahrt\/#breadcrumb\"},\"inLanguage\":\"de\",\"potentialAction\":[{\"@type\":\"ReadAction\",\"target\":[\"https:\/\/campinglespresduverdon.com\/de\/kontakt-anfahrt\/\"]}]},{\"@type\":\"ImageObject\",\"inLanguage\":\"de\",\"@id\":\"https:\/\/campinglespresduverdon.com\/de\/kontakt-anfahrt\/#primaryimage\",\"url\":\"https:\/\/campinglespresduverdon.com\/wp-content\/uploads\/sites\/60\/2024\/01\/Pont-de-Quinson.jpg\",\"contentUrl\":\"https:\/\/campinglespresduverdon.com\/wp-content\/uploads\/sites\/60\/2024\/01\/Pont-de-Quinson.jpg\",\"width\":736,\"height\":552,\"caption\":\"Quinson-Br\u00fccke\"},{\"@type\":\"BreadcrumbList\",\"@id\":\"https:\/\/campinglespresduverdon.com\/de\/kontakt-anfahrt\/#breadcrumb\",\"itemListElement\":[{\"@type\":\"ListItem\",\"position\":1,\"name\":\"Startseite\",\"item\":\"http:\/\/campinglespresduverdon.com\/de\/\"},{\"@type\":\"ListItem\",\"position\":2,\"name\":\"Kontakt, Anfahrt zum Campingplatz in Quinson\"}]},{\"@type\":\"WebSite\",\"@id\":\"https:\/\/campinglespresduverdon.com\/de\/#website\",\"url\":\"https:\/\/campinglespresduverdon.com\/de\/\",\"name\":\"Camping Bel air Village Les Pr\u00e9s du Verdon - Site Officiel - Meilleur Prix Garanti\",\"description\":\"\",\"publisher\":{\"@id\":\"https:\/\/campinglespresduverdon.com\/de\/#organization\"},\"potentialAction\":[{\"@type\":\"SearchAction\",\"target\":{\"@type\":\"EntryPoint\",\"urlTemplate\":\"https:\/\/campinglespresduverdon.com\/de\/?s={search_term_string}\"},\"query-input\":{\"@type\":\"PropertyValueSpecification\",\"valueRequired\":true,\"valueName\":\"search_term_string\"}}],\"inLanguage\":\"de\"},{\"@type\":\"Organization\",\"@id\":\"https:\/\/campinglespresduverdon.com\/de\/#organization\",\"name\":\"Camping Bel air Village Les Pr\u00e9s du Verdon - Site Officiel - Meilleur Prix Garanti\",\"url\":\"https:\/\/campinglespresduverdon.com\/de\/\",\"logo\":{\"@type\":\"ImageObject\",\"inLanguage\":\"de\",\"@id\":\"https:\/\/campinglespresduverdon.com\/de\/#\/schema\/logo\/image\/\",\"url\":\"https:\/\/campinglespresduverdon.com\/wp-content\/uploads\/sites\/60\/2024\/01\/LOGO-BEL-AIR-LES-PRES-DU-VERDON-3-2.png\",\"contentUrl\":\"https:\/\/campinglespresduverdon.com\/wp-content\/uploads\/sites\/60\/2024\/01\/LOGO-BEL-AIR-LES-PRES-DU-VERDON-3-2.png\",\"width\":2048,\"height\":788,\"caption\":\"Camping Bel air Village Les Pr\u00e9s du Verdon - Site Officiel - Meilleur Prix Garanti\"},\"image\":{\"@id\":\"https:\/\/campinglespresduverdon.com\/de\/#\/schema\/logo\/image\/\"}}]}<\/script>\n<!-- \/ Yoast SEO plugin. -->","yoast_head_json":{"title":"Kontakt, Anfahrt Bel Air Village Les Pr\u00e9s du Verdon","robots":{"index":"index","follow":"follow","max-snippet":"max-snippet:-1","max-image-preview":"max-image-preview:large","max-video-preview":"max-video-preview:-1"},"canonical":"https:\/\/campinglespresduverdon.com\/de\/kontakt-anfahrt\/","og_locale":"de_DE","og_type":"article","og_title":"Kontakt, Anfahrt Bel Air Village Les Pr\u00e9s du Verdon","og_description":"Kontakt und Wegbeschreibung Kontaktieren Sie uns Haben Sie Fragen, Anregungen oder m\u00f6chten Sie einfach nur Ihre Eindr\u00fccke von Ihrem Aufenthalt mitteilen? Wir sind hier, um Ihnen zuzuh\u00f6ren! Um uns zu erreichen, k\u00f6nnen Sie unser Kontaktformular ausf\u00fcllen. Wenn Sie einen direkten Kontakt bevorzugen, rufen Sie uns bitte unter der Nummer 04 12 29 02 27 an. [&hellip;]","og_url":"https:\/\/campinglespresduverdon.com\/de\/kontakt-anfahrt\/","og_site_name":"Camping Bel air Village Les Pr\u00e9s du Verdon - Site Officiel - Meilleur Prix Garanti","article_modified_time":"2025-02-18T10:16:36+00:00","og_image":[{"width":736,"height":552,"url":"http:\/\/campinglespresduverdon.com\/wp-content\/uploads\/sites\/60\/2024\/01\/Pont-de-Quinson.jpg","type":"image\/jpeg"}],"twitter_card":"summary_large_image","twitter_misc":{"Gesch\u00e4tzte Lesezeit":"1\u00a0Minute"},"schema":{"@context":"https:\/\/schema.org","@graph":[{"@type":"WebPage","@id":"https:\/\/campinglespresduverdon.com\/de\/kontakt-anfahrt\/","url":"https:\/\/campinglespresduverdon.com\/de\/kontakt-anfahrt\/","name":"Kontakt, Anfahrt Bel Air Village Les Pr\u00e9s du Verdon","isPartOf":{"@id":"https:\/\/campinglespresduverdon.com\/de\/#website"},"primaryImageOfPage":{"@id":"https:\/\/campinglespresduverdon.com\/de\/kontakt-anfahrt\/#primaryimage"},"image":{"@id":"https:\/\/campinglespresduverdon.com\/de\/kontakt-anfahrt\/#primaryimage"},"thumbnailUrl":"https:\/\/campinglespresduverdon.com\/wp-content\/uploads\/sites\/60\/2024\/01\/Pont-de-Quinson.jpg","datePublished":"2023-06-20T08:45:38+00:00","dateModified":"2025-02-18T10:16:36+00:00","breadcrumb":{"@id":"https:\/\/campinglespresduverdon.com\/de\/kontakt-anfahrt\/#breadcrumb"},"inLanguage":"de","potentialAction":[{"@type":"ReadAction","target":["https:\/\/campinglespresduverdon.com\/de\/kontakt-anfahrt\/"]}]},{"@type":"ImageObject","inLanguage":"de","@id":"https:\/\/campinglespresduverdon.com\/de\/kontakt-anfahrt\/#primaryimage","url":"https:\/\/campinglespresduverdon.com\/wp-content\/uploads\/sites\/60\/2024\/01\/Pont-de-Quinson.jpg","contentUrl":"https:\/\/campinglespresduverdon.com\/wp-content\/uploads\/sites\/60\/2024\/01\/Pont-de-Quinson.jpg","width":736,"height":552,"caption":"Quinson-Br\u00fccke"},{"@type":"BreadcrumbList","@id":"https:\/\/campinglespresduverdon.com\/de\/kontakt-anfahrt\/#breadcrumb","itemListElement":[{"@type":"ListItem","position":1,"name":"Startseite","item":"http:\/\/campinglespresduverdon.com\/de\/"},{"@type":"ListItem","position":2,"name":"Kontakt, Anfahrt zum Campingplatz in Quinson"}]},{"@type":"WebSite","@id":"https:\/\/campinglespresduverdon.com\/de\/#website","url":"https:\/\/campinglespresduverdon.com\/de\/","name":"Camping Bel air Village Les Pr\u00e9s du Verdon - Site Officiel - Meilleur Prix Garanti","description":"","publisher":{"@id":"https:\/\/campinglespresduverdon.com\/de\/#organization"},"potentialAction":[{"@type":"SearchAction","target":{"@type":"EntryPoint","urlTemplate":"https:\/\/campinglespresduverdon.com\/de\/?s={search_term_string}"},"query-input":{"@type":"PropertyValueSpecification","valueRequired":true,"valueName":"search_term_string"}}],"inLanguage":"de"},{"@type":"Organization","@id":"https:\/\/campinglespresduverdon.com\/de\/#organization","name":"Camping Bel air Village Les Pr\u00e9s du Verdon - Site Officiel - Meilleur Prix Garanti","url":"https:\/\/campinglespresduverdon.com\/de\/","logo":{"@type":"ImageObject","inLanguage":"de","@id":"https:\/\/campinglespresduverdon.com\/de\/#\/schema\/logo\/image\/","url":"https:\/\/campinglespresduverdon.com\/wp-content\/uploads\/sites\/60\/2024\/01\/LOGO-BEL-AIR-LES-PRES-DU-VERDON-3-2.png","contentUrl":"https:\/\/campinglespresduverdon.com\/wp-content\/uploads\/sites\/60\/2024\/01\/LOGO-BEL-AIR-LES-PRES-DU-VERDON-3-2.png","width":2048,"height":788,"caption":"Camping Bel air Village Les Pr\u00e9s du Verdon - Site Officiel - Meilleur Prix Garanti"},"image":{"@id":"https:\/\/campinglespresduverdon.com\/de\/#\/schema\/logo\/image\/"}}]}},"_links":{"self":[{"href":"https:\/\/campinglespresduverdon.com\/de\/wp-json\/wp\/v2\/pages\/431707","targetHints":{"allow":["GET"]}}],"collection":[{"href":"https:\/\/campinglespresduverdon.com\/de\/wp-json\/wp\/v2\/pages"}],"about":[{"href":"https:\/\/campinglespresduverdon.com\/de\/wp-json\/wp\/v2\/types\/page"}],"author":[{"embeddable":true,"href":"https:\/\/campinglespresduverdon.com\/de\/wp-json\/wp\/v2\/users\/1"}],"replies":[{"embeddable":true,"href":"https:\/\/campinglespresduverdon.com\/de\/wp-json\/wp\/v2\/comments?post=431707"}],"version-history":[{"count":8,"href":"https:\/\/campinglespresduverdon.com\/de\/wp-json\/wp\/v2\/pages\/431707\/revisions"}],"predecessor-version":[{"id":986309,"href":"https:\/\/campinglespresduverdon.com\/de\/wp-json\/wp\/v2\/pages\/431707\/revisions\/986309"}],"wp:featuredmedia":[{"embeddable":true,"href":"https:\/\/campinglespresduverdon.com\/de\/wp-json\/wp\/v2\/media\/432119"}],"wp:attachment":[{"href":"https:\/\/campinglespresduverdon.com\/de\/wp-json\/wp\/v2\/media?parent=431707"}],"curies":[{"name":"wp","href":"https:\/\/api.w.org\/{rel}","templated":true}]}}