{"id":431696,"date":"2023-07-13T16:54:29","date_gmt":"2023-07-13T14:54:29","guid":{"rendered":"https:\/\/campinglespresduverdon.com\/legalitatsvermerke\/"},"modified":"2024-05-31T11:28:30","modified_gmt":"2024-05-31T09:28:30","slug":"rechtliche-hinweise","status":"publish","type":"page","link":"https:\/\/campinglespresduverdon.com\/de\/rechtliche-hinweise\/","title":{"rendered":"Rechtliche Hinweise"},"content":{"rendered":"\n<div class=\"wp-block-group is-layout-constrained wp-container-core-group-is-layout-9ff30091 wp-block-group-is-layout-constrained\" style=\"margin-top:var(--wp--preset--spacing--80);margin-bottom:var(--wp--preset--spacing--80);padding-top:var(--wp--preset--spacing--60);padding-bottom:var(--wp--preset--spacing--60)\">\n<h1 class=\"wp-block-heading alignwide has-text-align-center has-link-color-color has-text-color has-x-large-font-size\" style=\"margin-top:var(--wp--preset--spacing--60);margin-right:var(--wp--preset--spacing--60);margin-bottom:var(--wp--preset--spacing--60);margin-left:var(--wp--preset--spacing--60);padding-top:var(--wp--preset--spacing--60);padding-right:var(--wp--preset--spacing--60);padding-bottom:var(--wp--preset--spacing--60);padding-left:var(--wp--preset--spacing--60);text-transform:capitalize\">Rechtliche Hinweise<\/h1>\n\n\n\n<p class=\"has-text-align-center\">Hier finden Sie die rechtlichen Hinweise der Website unseres Campingplatzes.<\/p>\n\n\n\n<h2 class=\"wp-block-heading has-text-align-center\">HERAUSGEBER DER WEBSITE<\/h2>\n\n\n\n<p class=\"has-text-align-center\">Unternehmen : Camping Bel Air Village Les Pr\u00e9s du Verdon<br\/>Unternehmensregistrierungsnummer: 79385312800296<br\/>APE-Code: 5530Z<br\/>E-Mail: campinglespresduverdon@alphacamping.fr<br\/>Adresse: 423, Chemin du Lac, 04500 QUISON<br\/>Verantwortlich f\u00fcr die Ver\u00f6ffentlichung: Alpha Camping<\/p>\n\n\n\n<h2 class=\"wp-block-heading has-text-align-center\">REALISIERUNG<\/h2>\n\n\n\n<p class=\"has-text-align-center\"><strong>GEEK TONIC<\/strong>, vertreten durch Herrn Yohan Darmayan in seiner Eigenschaft als Gesch\u00e4ftsf\u00fchrer<br\/>Hauptsitz: 50 Avenue du Lac Marion 64200 Biarritz<br\/>Tel.: 05 32 74 11 52<br\/>E-Mail: support@geek-tonic.com<br\/>Website: <a href=\"https:\/\/www.geek-tonic.com\/\" target=\"_blank\" rel=\"noreferrer noopener\">www.geek-tonic.com<\/a><br\/>Unternehmensregistrierungsnummer: 89746755100015<br\/>APE: 6201Z<\/p>\n\n\n\n<h2 class=\"wp-block-heading has-text-align-center\">URHEBERRECHT UND COPYRIGHT<\/h2>\n\n\n\n<p class=\"has-text-align-center\">Der gesamte Inhalt dieser Website unterliegt dem Urheberrecht und dem geistigen Eigentum der franz\u00f6sischen Gesetzgebung.<br\/>Jegliche Vervielf\u00e4ltigung (einschlie\u00dflich Fotos, Icons und herunterladbarer Dokumente) ist ohne vorherige Zustimmung von GEEK TONIC untersagt.<br\/>Die Vervielf\u00e4ltigung der gesamten oder eines Teils der Website in Papierform oder in elektronischer Form auf einem elektronischen Datentr\u00e4ger ist verboten.<br\/>GEEK TONIC \u00fcbernimmt keine Verantwortung f\u00fcr den Inhalt auf der Website.<br\/>GEEK TONIC \u00fcbernimmt auch keine Verantwortung f\u00fcr externe Links, die auf diese Website verweisen.<\/p>\n\n\n\n<h2 class=\"wp-block-heading has-text-align-center\">PERS\u00d6NLICHE DATEN UND NAMENTLICHE INFORMATIONEN<\/h2>\n\n\n\n<p class=\"has-text-align-center\">Sie haben ein Recht auf Zugang, \u00c4nderung, Berichtigung und L\u00f6schung der Sie betreffenden Daten gem\u00e4\u00df Artikel 34 des Gesetzes &#8220;Informatique et Libert\u00e9s&#8221; Nr. 78-17 vom 6. Januar 1978, ge\u00e4ndert am 6. August 2018.<br\/>Um dieses Zugangsrecht auszu\u00fcben, k\u00f6nnen Sie eine einfache schriftliche Anfrage an den Herausgeber der Website richten.<\/p>\n\n\n\n<h2 class=\"wp-block-heading has-text-align-center\">LEGISLATION<\/h2>\n\n\n\n<p class=\"has-text-align-center\">Gem\u00e4\u00df dem Gesetz vom 11. M\u00e4rz 1957 (Art. 41) und dem Gesetzbuch \u00fcber geistiges Eigentum vom 1. Juli 1992 ist es verboten, einen Teil der Website ohne vorherige Genehmigung des Herausgebers der Website teilweise oder vollst\u00e4ndig zu reproduzieren.<br\/>Die Logos, Bilder, Fotos, Videos, Grafiken und Texte sind Eigentum ihrer jeweiligen Besitzer.<br\/>Diese Website kann ohne ihr Wissen mit anderen Websites durch Hypermedia-Links verbunden sein. Der Herausgeber der Website \u00fcbernimmt keine Verantwortung f\u00fcr die Informationen auf diesen anderen Websites.<br\/>Der Internetnutzer erkennt an, dass die Nutzung dieser Website dem franz\u00f6sischen Recht unterliegt.<\/p>\n<\/div>\n","protected":false},"excerpt":{"rendered":"<p>Rechtliche Hinweise Hier finden Sie die rechtlichen Hinweise der Website unseres Campingplatzes. HERAUSGEBER DER WEBSITE Unternehmen : Camping Bel Air Village Les Pr\u00e9s du VerdonUnternehmensregistrierungsnummer: 79385312800296APE-Code: 5530ZE-Mail: campinglespresduverdon@alphacamping.frAdresse: 423, Chemin du Lac, 04500 QUISONVerantwortlich f\u00fcr die Ver\u00f6ffentlichung: Alpha Camping REALISIERUNG GEEK TONIC, vertreten durch Herrn Yohan Darmayan in seiner Eigenschaft als Gesch\u00e4ftsf\u00fchrerHauptsitz: 50 Avenue du [&hellip;]<\/p>\n","protected":false},"author":1,"featured_media":431697,"parent":0,"menu_order":38,"comment_status":"closed","ping_status":"closed","template":"","meta":{"_acf_changed":false,"footnotes":""},"class_list":["post-431696","page","type-page","status-publish","has-post-thumbnail","hentry"],"acf":[],"yoast_head":"<!-- This site is optimized with the Yoast SEO plugin v24.8.1 - https:\/\/yoast.com\/wordpress\/plugins\/seo\/ -->\n<title>Rechtliche Hinweise - Camping Bel air Village Les Pr\u00e9s du Verdon - Site Officiel - Meilleur Prix Garanti<\/title>\n<meta name=\"robots\" content=\"noindex, nofollow\" \/>\n<meta property=\"og:locale\" content=\"de_DE\" \/>\n<meta property=\"og:type\" content=\"article\" \/>\n<meta property=\"og:title\" content=\"Rechtliche Hinweise - Camping Bel air Village Les Pr\u00e9s du Verdon - Site Officiel - Meilleur Prix Garanti\" \/>\n<meta property=\"og:description\" content=\"Rechtliche Hinweise Hier finden Sie die rechtlichen Hinweise der Website unseres Campingplatzes. HERAUSGEBER DER WEBSITE Unternehmen : Camping Bel Air Village Les Pr\u00e9s du VerdonUnternehmensregistrierungsnummer: 79385312800296APE-Code: 5530ZE-Mail: campinglespresduverdon@alphacamping.frAdresse: 423, Chemin du Lac, 04500 QUISONVerantwortlich f\u00fcr die Ver\u00f6ffentlichung: Alpha Camping REALISIERUNG GEEK TONIC, vertreten durch Herrn Yohan Darmayan in seiner Eigenschaft als Gesch\u00e4ftsf\u00fchrerHauptsitz: 50 Avenue du [&hellip;]\" \/>\n<meta property=\"og:url\" content=\"https:\/\/campinglespresduverdon.com\/de\/rechtliche-hinweise\/\" \/>\n<meta property=\"og:site_name\" content=\"Camping Bel air Village Les Pr\u00e9s du Verdon - Site Officiel - Meilleur Prix Garanti\" \/>\n<meta property=\"article:modified_time\" content=\"2024-05-31T09:28:30+00:00\" \/>\n<meta property=\"og:image\" content=\"http:\/\/campinglespresduverdon.com\/wp-content\/uploads\/sites\/60\/2023\/10\/vue-paysages-et-randonnee-auvergne.webp\" \/>\n\t<meta property=\"og:image:width\" content=\"1900\" \/>\n\t<meta property=\"og:image:height\" content=\"700\" \/>\n\t<meta property=\"og:image:type\" content=\"image\/webp\" \/>\n<meta name=\"twitter:card\" content=\"summary_large_image\" \/>\n<meta name=\"twitter:label1\" content=\"Gesch\u00e4tzte Lesezeit\" \/>\n\t<meta name=\"twitter:data1\" content=\"2\u00a0Minuten\" \/>\n<script type=\"application\/ld+json\" class=\"yoast-schema-graph\">{\"@context\":\"https:\/\/schema.org\",\"@graph\":[{\"@type\":\"WebPage\",\"@id\":\"https:\/\/campinglespresduverdon.com\/de\/rechtliche-hinweise\/\",\"url\":\"https:\/\/campinglespresduverdon.com\/de\/rechtliche-hinweise\/\",\"name\":\"Rechtliche Hinweise - Camping Bel air Village Les Pr\u00e9s du Verdon - Site Officiel - Meilleur Prix Garanti\",\"isPartOf\":{\"@id\":\"https:\/\/campinglespresduverdon.com\/de\/#website\"},\"primaryImageOfPage\":{\"@id\":\"https:\/\/campinglespresduverdon.com\/de\/rechtliche-hinweise\/#primaryimage\"},\"image\":{\"@id\":\"https:\/\/campinglespresduverdon.com\/de\/rechtliche-hinweise\/#primaryimage\"},\"thumbnailUrl\":\"https:\/\/campinglespresduverdon.com\/wp-content\/uploads\/sites\/60\/2023\/10\/vue-paysages-et-randonnee-auvergne.webp\",\"datePublished\":\"2023-07-13T14:54:29+00:00\",\"dateModified\":\"2024-05-31T09:28:30+00:00\",\"breadcrumb\":{\"@id\":\"https:\/\/campinglespresduverdon.com\/de\/rechtliche-hinweise\/#breadcrumb\"},\"inLanguage\":\"de\",\"potentialAction\":[{\"@type\":\"ReadAction\",\"target\":[\"https:\/\/campinglespresduverdon.com\/de\/rechtliche-hinweise\/\"]}]},{\"@type\":\"ImageObject\",\"inLanguage\":\"de\",\"@id\":\"https:\/\/campinglespresduverdon.com\/de\/rechtliche-hinweise\/#primaryimage\",\"url\":\"https:\/\/campinglespresduverdon.com\/wp-content\/uploads\/sites\/60\/2023\/10\/vue-paysages-et-randonnee-auvergne.webp\",\"contentUrl\":\"https:\/\/campinglespresduverdon.com\/wp-content\/uploads\/sites\/60\/2023\/10\/vue-paysages-et-randonnee-auvergne.webp\",\"width\":1900,\"height\":700,\"caption\":\"Aussicht auf Landschaft und Wandern\"},{\"@type\":\"BreadcrumbList\",\"@id\":\"https:\/\/campinglespresduverdon.com\/de\/rechtliche-hinweise\/#breadcrumb\",\"itemListElement\":[{\"@type\":\"ListItem\",\"position\":1,\"name\":\"Startseite\",\"item\":\"http:\/\/campinglespresduverdon.com\/de\/\"},{\"@type\":\"ListItem\",\"position\":2,\"name\":\"Rechtliche Hinweise\"}]},{\"@type\":\"WebSite\",\"@id\":\"https:\/\/campinglespresduverdon.com\/de\/#website\",\"url\":\"https:\/\/campinglespresduverdon.com\/de\/\",\"name\":\"Camping Bel air Village Les Pr\u00e9s du Verdon - Site Officiel - Meilleur Prix Garanti\",\"description\":\"\",\"publisher\":{\"@id\":\"https:\/\/campinglespresduverdon.com\/de\/#organization\"},\"potentialAction\":[{\"@type\":\"SearchAction\",\"target\":{\"@type\":\"EntryPoint\",\"urlTemplate\":\"https:\/\/campinglespresduverdon.com\/de\/?s={search_term_string}\"},\"query-input\":{\"@type\":\"PropertyValueSpecification\",\"valueRequired\":true,\"valueName\":\"search_term_string\"}}],\"inLanguage\":\"de\"},{\"@type\":\"Organization\",\"@id\":\"https:\/\/campinglespresduverdon.com\/de\/#organization\",\"name\":\"Camping Bel air Village Les Pr\u00e9s du Verdon - Site Officiel - Meilleur Prix Garanti\",\"url\":\"https:\/\/campinglespresduverdon.com\/de\/\",\"logo\":{\"@type\":\"ImageObject\",\"inLanguage\":\"de\",\"@id\":\"https:\/\/campinglespresduverdon.com\/de\/#\/schema\/logo\/image\/\",\"url\":\"https:\/\/campinglespresduverdon.com\/wp-content\/uploads\/sites\/60\/2024\/01\/LOGO-BEL-AIR-LES-PRES-DU-VERDON-3-2.png\",\"contentUrl\":\"https:\/\/campinglespresduverdon.com\/wp-content\/uploads\/sites\/60\/2024\/01\/LOGO-BEL-AIR-LES-PRES-DU-VERDON-3-2.png\",\"width\":2048,\"height\":788,\"caption\":\"Camping Bel air Village Les Pr\u00e9s du Verdon - Site Officiel - Meilleur Prix Garanti\"},\"image\":{\"@id\":\"https:\/\/campinglespresduverdon.com\/de\/#\/schema\/logo\/image\/\"}}]}<\/script>\n<!-- \/ Yoast SEO plugin. -->","yoast_head_json":{"title":"Rechtliche Hinweise - Camping Bel air Village Les Pr\u00e9s du Verdon - Site Officiel - Meilleur Prix Garanti","robots":{"index":"noindex","follow":"nofollow"},"og_locale":"de_DE","og_type":"article","og_title":"Rechtliche Hinweise - Camping Bel air Village Les Pr\u00e9s du Verdon - Site Officiel - Meilleur Prix Garanti","og_description":"Rechtliche Hinweise Hier finden Sie die rechtlichen Hinweise der Website unseres Campingplatzes. HERAUSGEBER DER WEBSITE Unternehmen : Camping Bel Air Village Les Pr\u00e9s du VerdonUnternehmensregistrierungsnummer: 79385312800296APE-Code: 5530ZE-Mail: campinglespresduverdon@alphacamping.frAdresse: 423, Chemin du Lac, 04500 QUISONVerantwortlich f\u00fcr die Ver\u00f6ffentlichung: Alpha Camping REALISIERUNG GEEK TONIC, vertreten durch Herrn Yohan Darmayan in seiner Eigenschaft als Gesch\u00e4ftsf\u00fchrerHauptsitz: 50 Avenue du [&hellip;]","og_url":"https:\/\/campinglespresduverdon.com\/de\/rechtliche-hinweise\/","og_site_name":"Camping Bel air Village Les Pr\u00e9s du Verdon - Site Officiel - Meilleur Prix Garanti","article_modified_time":"2024-05-31T09:28:30+00:00","og_image":[{"width":1900,"height":700,"url":"http:\/\/campinglespresduverdon.com\/wp-content\/uploads\/sites\/60\/2023\/10\/vue-paysages-et-randonnee-auvergne.webp","type":"image\/webp"}],"twitter_card":"summary_large_image","twitter_misc":{"Gesch\u00e4tzte Lesezeit":"2\u00a0Minuten"},"schema":{"@context":"https:\/\/schema.org","@graph":[{"@type":"WebPage","@id":"https:\/\/campinglespresduverdon.com\/de\/rechtliche-hinweise\/","url":"https:\/\/campinglespresduverdon.com\/de\/rechtliche-hinweise\/","name":"Rechtliche Hinweise - Camping Bel air Village Les Pr\u00e9s du Verdon - Site Officiel - Meilleur Prix Garanti","isPartOf":{"@id":"https:\/\/campinglespresduverdon.com\/de\/#website"},"primaryImageOfPage":{"@id":"https:\/\/campinglespresduverdon.com\/de\/rechtliche-hinweise\/#primaryimage"},"image":{"@id":"https:\/\/campinglespresduverdon.com\/de\/rechtliche-hinweise\/#primaryimage"},"thumbnailUrl":"https:\/\/campinglespresduverdon.com\/wp-content\/uploads\/sites\/60\/2023\/10\/vue-paysages-et-randonnee-auvergne.webp","datePublished":"2023-07-13T14:54:29+00:00","dateModified":"2024-05-31T09:28:30+00:00","breadcrumb":{"@id":"https:\/\/campinglespresduverdon.com\/de\/rechtliche-hinweise\/#breadcrumb"},"inLanguage":"de","potentialAction":[{"@type":"ReadAction","target":["https:\/\/campinglespresduverdon.com\/de\/rechtliche-hinweise\/"]}]},{"@type":"ImageObject","inLanguage":"de","@id":"https:\/\/campinglespresduverdon.com\/de\/rechtliche-hinweise\/#primaryimage","url":"https:\/\/campinglespresduverdon.com\/wp-content\/uploads\/sites\/60\/2023\/10\/vue-paysages-et-randonnee-auvergne.webp","contentUrl":"https:\/\/campinglespresduverdon.com\/wp-content\/uploads\/sites\/60\/2023\/10\/vue-paysages-et-randonnee-auvergne.webp","width":1900,"height":700,"caption":"Aussicht auf Landschaft und Wandern"},{"@type":"BreadcrumbList","@id":"https:\/\/campinglespresduverdon.com\/de\/rechtliche-hinweise\/#breadcrumb","itemListElement":[{"@type":"ListItem","position":1,"name":"Startseite","item":"http:\/\/campinglespresduverdon.com\/de\/"},{"@type":"ListItem","position":2,"name":"Rechtliche Hinweise"}]},{"@type":"WebSite","@id":"https:\/\/campinglespresduverdon.com\/de\/#website","url":"https:\/\/campinglespresduverdon.com\/de\/","name":"Camping Bel air Village Les Pr\u00e9s du Verdon - Site Officiel - Meilleur Prix Garanti","description":"","publisher":{"@id":"https:\/\/campinglespresduverdon.com\/de\/#organization"},"potentialAction":[{"@type":"SearchAction","target":{"@type":"EntryPoint","urlTemplate":"https:\/\/campinglespresduverdon.com\/de\/?s={search_term_string}"},"query-input":{"@type":"PropertyValueSpecification","valueRequired":true,"valueName":"search_term_string"}}],"inLanguage":"de"},{"@type":"Organization","@id":"https:\/\/campinglespresduverdon.com\/de\/#organization","name":"Camping Bel air Village Les Pr\u00e9s du Verdon - Site Officiel - Meilleur Prix Garanti","url":"https:\/\/campinglespresduverdon.com\/de\/","logo":{"@type":"ImageObject","inLanguage":"de","@id":"https:\/\/campinglespresduverdon.com\/de\/#\/schema\/logo\/image\/","url":"https:\/\/campinglespresduverdon.com\/wp-content\/uploads\/sites\/60\/2024\/01\/LOGO-BEL-AIR-LES-PRES-DU-VERDON-3-2.png","contentUrl":"https:\/\/campinglespresduverdon.com\/wp-content\/uploads\/sites\/60\/2024\/01\/LOGO-BEL-AIR-LES-PRES-DU-VERDON-3-2.png","width":2048,"height":788,"caption":"Camping Bel air Village Les Pr\u00e9s du Verdon - Site Officiel - Meilleur Prix Garanti"},"image":{"@id":"https:\/\/campinglespresduverdon.com\/de\/#\/schema\/logo\/image\/"}}]}},"_links":{"self":[{"href":"https:\/\/campinglespresduverdon.com\/de\/wp-json\/wp\/v2\/pages\/431696","targetHints":{"allow":["GET"]}}],"collection":[{"href":"https:\/\/campinglespresduverdon.com\/de\/wp-json\/wp\/v2\/pages"}],"about":[{"href":"https:\/\/campinglespresduverdon.com\/de\/wp-json\/wp\/v2\/types\/page"}],"author":[{"embeddable":true,"href":"https:\/\/campinglespresduverdon.com\/de\/wp-json\/wp\/v2\/users\/1"}],"replies":[{"embeddable":true,"href":"https:\/\/campinglespresduverdon.com\/de\/wp-json\/wp\/v2\/comments?post=431696"}],"version-history":[{"count":5,"href":"https:\/\/campinglespresduverdon.com\/de\/wp-json\/wp\/v2\/pages\/431696\/revisions"}],"predecessor-version":[{"id":560103,"href":"https:\/\/campinglespresduverdon.com\/de\/wp-json\/wp\/v2\/pages\/431696\/revisions\/560103"}],"wp:featuredmedia":[{"embeddable":true,"href":"https:\/\/campinglespresduverdon.com\/de\/wp-json\/wp\/v2\/media\/431697"}],"wp:attachment":[{"href":"https:\/\/campinglespresduverdon.com\/de\/wp-json\/wp\/v2\/media?parent=431696"}],"curies":[{"name":"wp","href":"https:\/\/api.w.org\/{rel}","templated":true}]}}